{"id":1832,"date":"2023-10-18T07:46:20","date_gmt":"2023-10-18T05:46:20","guid":{"rendered":"https:\/\/www.arte-import.de\/ueber-uns-copy\/"},"modified":"2025-04-16T13:06:15","modified_gmt":"2025-04-16T11:06:15","slug":"stellenangebote","status":"publish","type":"page","link":"https:\/\/www.arte-import.de\/en\/stellenangebote\/","title":{"rendered":"Job opportunity"},"content":{"rendered":"","protected":false},"excerpt":{"rendered":"","protected":false},"author":6,"featured_media":0,"parent":0,"menu_order":6,"comment_status":"closed","ping_status":"closed","template":"","meta":[],"class_list":["post-1832","page","type-page","status-publish","hentry"],"grid":"{\r\n  \"colCount\": 12,\r\n  \"colGutter\": 1.5,\r\n  \"rowGutters\": [\r\n    5,\r\n    0,\r\n    0,\r\n    1.5\r\n  ],\r\n  \"frameMargin\": 12.5,\r\n  \"topFrameMargin\": 250,\r\n  \"bottomFrameMargin\": 0,\r\n  \"rowAttrs\": [\r\n    {\r\n      \"relid\": 1\r\n    },\r\n    {\r\n      \"bgcolor\": \"#e4dfd9\",\r\n      \"relid\": 34\r\n    },\r\n    {\r\n      \"bgcolor\": \"#e4dfd9\",\r\n      \"relid\": 16\r\n    },\r\n    {\r\n      \"bgcolor\": \"#e4dfd9\",\r\n      \"relid\": 5\r\n    },\r\n    {\r\n      \"relid\": 3\r\n    }\r\n  ],\r\n  \"bgColor\": \"#f0ede7\",\r\n  \"cont\": [\r\n    {\r\n      \"type\": \"text\",\r\n      \"cont\": \"<h1 class=\\\"_Headline_2\\\">Wir suchen Dich...<\/h1><p><span>Willkommen bei Arte Wohnaccessoires, wo wir Tradition, Fairness und Kreativit\u00e4t vereinen. <\/span><span style=\\\"letter-spacing: 0.025em; text-indent: 0em;\\\">Seit 1994 haben wir uns als verl\u00e4sslicher Anbieter von Wohnaccessoires im Gro\u00df- und Einzelhandel etabliert.<\/span><\/p>\",\r\n      \"align\": \"top\",\r\n      \"row\": 0,\r\n      \"col\": 0,\r\n      \"colspan\": 12,\r\n      \"offsetx\": 0,\r\n      \"offsety\": 0,\r\n      \"spaceabove\": 0,\r\n      \"spacebelow\": 0,\r\n      \"yvel\": 1,\r\n      \"push\": 0,\r\n      \"relid\": 4,\r\n      \"absolute_position\": false\r\n    },\r\n    {\r\n      \"type\": \"text\",\r\n      \"cont\": \"<p>\u00a0<\/p><p style=\\\"line-height: 1.2;\\\"><span style=\\\"font-family: WorkSans-VariableFont_wght; font-size: 37px;\\\">Allrounder (m\/w\/d) im kaufm\u00e4nnischen Bereich <\/span><\/p><p style=\\\"line-height: 1.2;\\\"><span style=\\\"font-family: WorkSans-VariableFont_wght; font-size: 37px;\\\">mit Schwerpunkt Einkauf<\/span><\/p><h1 class=\\\"_Default\\\">(Voll- oder Teilzeit)<\/h1><p>\u00a0<\/p>\",\r\n      \"align\": \"top\",\r\n      \"row\": 1,\r\n      \"col\": 0,\r\n      \"colspan\": 11,\r\n      \"offsetx\": 0,\r\n      \"offsety\": 0,\r\n      \"spaceabove\": 0,\r\n      \"spacebelow\": 0,\r\n      \"yvel\": 1,\r\n      \"push\": 0,\r\n      \"relid\": 35,\r\n      \"absolute_position\": false\r\n    },\r\n    {\r\n      \"type\": \"text\",\r\n      \"cont\": \"<p>Du liebst Wohnaccessoires und bist immer auf der Suche nach den neuesten Trends f\u00fcr dein Zuhause? Du hast ein Gesp\u00fcr f\u00fcr Farben, Formen und Oberfl\u00e4chen und bist neugierig darauf die verschiedenen Prozesse kennenzulernen? Dann suchen wir Dich zur Unterst\u00fctzung unseres Einkaufsteams.<\/p><h1 class=\\\"_Headline_3\\\" style=\\\"line-height: 1.2;\\\"><span style=\\\"font-family: WorkSans-VariableFont_wght;\\\">Deine Aufgaben:<\/span><\/h1><ul><li>Unterst\u00fctzung im Einkauf und bei der Abwicklung des operativen Bestellprozesses<\/li><li>Artikelanlage und Stammdatenpflege<\/li><li>Unterst\u00fctzung bei der Auswahl von Lieferanten und Einf\u00fchrung neuer Artikel<\/li><li>Pflege von Lieferantenbeziehungen und Optimierung der Warenverf\u00fcgbarkeit<\/li><li>\u00dcberwachung von Lieferterminen, Lieferannahme und Qualit\u00e4tssicherung<\/li><li>Abwicklung von Reklamationen in Zusammenarbeit mit Lieferanten<\/li><li>\u00dcberwachung des Transports per See- und G\u00fcterkraftverkehr<\/li><li>Kundenkontakt und Teilnahme an Fachmessen<\/li><\/ul><p style=\\\"line-height: 1.2;\\\"><span style=\\\"font-size: 32px; font-family: WorkSans-VariableFont_wght;\\\">Was Du gerne mitbringen darfst:<\/span><\/p><ul><li>Abgeschlossene kaufm\u00e4nnische Berufsausbildung oder vergleichbares Studium \u2013 auch gerne als Quereinsteiger\/-in<\/li><li>Umgang mit MS Office &amp; einem Warenwirtschaftssystem<\/li><li>Strukturierte, eigenst\u00e4ndige Arbeitsweise und eine schnelle Auffassungsgabe<\/li><li>Zuverl\u00e4ssigkeit, Flexibilit\u00e4t, Belastbarkeit und Teamf\u00e4higkeit<\/li><li>Interesse an Dekoartikel und dem internationalen Handel<\/li><li>Englischkenntnisse f\u00fcr die Lieferantenkommunikation<\/li><\/ul>\",\r\n      \"align\": \"top\",\r\n      \"row\": 2,\r\n      \"col\": 0,\r\n      \"colspan\": 6,\r\n      \"offsetx\": 0,\r\n      \"offsety\": 0,\r\n      \"spaceabove\": 0,\r\n      \"spacebelow\": 0,\r\n      \"yvel\": 1,\r\n      \"push\": 0,\r\n      \"relid\": 12,\r\n      \"classes\": \"textboxcustom hellgrau boxshadow\",\r\n      \"absolute_position\": false\r\n    },\r\n    {\r\n      \"type\": \"text\",\r\n      \"cont\": \"<p style=\\\"line-height: 1.2;\\\"><span style=\\\"font-size: 32px; font-family: WorkSans-VariableFont_wght;\\\">Das erwartet dich bei uns:<\/span><\/p><ul><li><strong><\/strong> Ein angenehmes Arbeitsumfeld<\/li><li>Zusammenarbeit in einem dynamischen und motivierten Team<\/li><li>Flache Hierarchien<\/li><li>Flexible Arbeitszeiten<\/li><li>30 Tage Urlaub pro Kalenderjahr<\/li><li>Urlaubs- und Weihnachtsgeld<\/li><li>Zuschuss zu Verm\u00f6genswirksamen Leistungen oder zur Betrieblichen Altersvorsorge<\/li><li>Weiterbildungsm\u00f6glichkeiten &amp; Unterst\u00fctzung f\u00fcr deine Karriere<\/li><\/ul><p>\u00a0<\/p><p>Du willst dich beruflich ver\u00e4ndern? Dann melde dich gerne bei uns \u2013 motivierte Quereinsteiger\/-innen sind herzlich willkommen!<\/p><p>\u00a0<\/p><h1 style=\\\"line-height: 1.2;\\\"><span style=\\\"font-size: 32px; font-family: WorkSans-VariableFont_wght;\\\">Hast du Fragen, oder willst direkt deine Bewerbung schicken?<\/span><\/h1><p>Hier erreichst du uns: Maxi Z\u00fcrn unter m.zuern@arte-import.de oder unter 08384 -823940.<\/p>\",\r\n      \"align\": \"top\",\r\n      \"row\": 2,\r\n      \"col\": 6,\r\n      \"colspan\": 6,\r\n      \"offsetx\": 0,\r\n      \"offsety\": 0,\r\n      \"spaceabove\": 0,\r\n      \"spacebelow\": 0,\r\n      \"yvel\": 1,\r\n      \"push\": 0,\r\n      \"relid\": 13,\r\n      \"classes\": \"textboxcustom hellgrau boxshadow fullheighttop\",\r\n      \"absolute_position\": false\r\n    },\r\n    {\r\n      \"type\": \"text\",\r\n      \"cont\": \"<h1 class=\\\"_Headline_2\\\" style=\\\"text-align: center;\\\"><span>\u201eWerde Teil unseres famili\u00e4ren Unternehmens, wo herzliches Miteinander auf Augenh\u00f6he gro\u00dfgeschrieben wird.\u201c<\/span><\/h1>\",\r\n      \"align\": \"top\",\r\n      \"row\": 4,\r\n      \"col\": 2,\r\n      \"colspan\": 8,\r\n      \"offsetx\": 0,\r\n      \"offsety\": 0,\r\n      \"spaceabove\": 5,\r\n      \"spacebelow\": 5,\r\n      \"yvel\": 1,\r\n      \"push\": 2,\r\n      \"relid\": 7,\r\n      \"absolute_position\": false\r\n    }\r\n  ]\r\n}","phonegrid":"{\r\n  \"colCount\": 12,\r\n  \"colGutter\": 1,\r\n  \"rowGutters\": [\r\n    5,\r\n    5,\r\n    5,\r\n    5\r\n  ],\r\n  \"frameMargin\": 5,\r\n  \"topFrameMargin\": 5,\r\n  \"rightFrameMargin\": 5,\r\n  \"bottomFrameMargin\": 15,\r\n  \"leftFrameMargin\": 5,\r\n  \"mus\": {\r\n    \"colGutterMu\": \"%\",\r\n    \"rowGutterMu\": \"%\",\r\n    \"topFrameMu\": \"%\",\r\n    \"bottomFrameMu\": \"%\",\r\n    \"frameMu\": \"%\"\r\n  },\r\n  \"rowAttrs\": [\r\n    {\r\n      \"relid\": 11\r\n    },\r\n    {\r\n      \"relid\": 14\r\n    },\r\n    {\r\n      \"relid\": 15\r\n    },\r\n    {\r\n      \"relid\": 17\r\n    },\r\n    {\r\n      \"relid\": 18\r\n    }\r\n  ],\r\n  \"bgColor\": null,\r\n  \"bgImage\": null,\r\n  \"cont\": [\r\n    {\r\n      \"type\": \"text\",\r\n      \"cont\": \"<h1 class=\\\"_Headline_2\\\">Wir suchen Dich...<\/h1><p><span>Willkommen bei Arte Wohnaccessoires, wo wir Tradition, Fairness und Kreativit\u00e4t vereinen. <\/span><span style=\\\"letter-spacing: 0.025em; text-indent: 0em;\\\">Seit 1994 haben wir uns als verl\u00e4sslicher Anbieter von Wohnaccessoires im Gro\u00df- und Einzelhandel etabliert.<\/span><\/p>\",\r\n      \"align\": \"bottom\",\r\n      \"row\": 0,\r\n      \"col\": 0,\r\n      \"colspan\": 12,\r\n      \"offsetx\": 0,\r\n      \"offsety\": 0,\r\n      \"spaceabove\": 0,\r\n      \"spacebelow\": 0,\r\n      \"yvel\": 1,\r\n      \"push\": 0,\r\n      \"relid\": 4,\r\n      \"absolute_position\": false\r\n    },\r\n    {\r\n      \"type\": \"text\",\r\n      \"cont\": \"<p>\u00a0<\/p><p style=\\\"line-height: 1.2;\\\"><span style=\\\"font-family: WorkSans-VariableFont_wght; font-size: 37px;\\\">Allrounder (m\/w\/d) im kaufm\u00e4nnischen Bereich <\/span><\/p><p style=\\\"line-height: 1.2;\\\"><span style=\\\"font-family: WorkSans-VariableFont_wght; font-size: 37px;\\\">mit Schwerpunkt Einkauf<\/span><\/p><h1 class=\\\"_Default\\\">(Voll- oder Teilzeit)<\/h1><p>\u00a0<\/p>\",\r\n      \"align\": \"top\",\r\n      \"row\": 1,\r\n      \"col\": 0,\r\n      \"colspan\": 12,\r\n      \"offsetx\": 0,\r\n      \"offsety\": 0,\r\n      \"spaceabove\": 0,\r\n      \"spacebelow\": 0,\r\n      \"yvel\": 1,\r\n      \"push\": 0,\r\n      \"relid\": 35,\r\n      \"absolute_position\": false,\r\n      \"frameOverflow\": \"\"\r\n    },\r\n    {\r\n      \"type\": \"text\",\r\n      \"cont\": \"<p>Du liebst Wohnaccessoires und bist immer auf der Suche nach den neuesten Trends f\u00fcr dein Zuhause? Du hast ein Gesp\u00fcr f\u00fcr Farben, Formen und Oberfl\u00e4chen und bist neugierig darauf die verschiedenen Prozesse kennenzulernen? Dann suchen wir Dich zur Unterst\u00fctzung unseres Einkaufsteams.<\/p><h1 class=\\\"_Headline_3\\\" style=\\\"line-height: 1.2;\\\"><span style=\\\"font-family: WorkSans-VariableFont_wght;\\\">Deine Aufgaben:<\/span><\/h1><ul><li>Unterst\u00fctzung im Einkauf und bei der Abwicklung des operativen Bestellprozesses<\/li><li>Artikelanlage und Stammdatenpflege<\/li><li>Unterst\u00fctzung bei der Auswahl von Lieferanten und Einf\u00fchrung neuer Artikel<\/li><li>Pflege von Lieferantenbeziehungen und Optimierung der Warenverf\u00fcgbarkeit<\/li><li>\u00dcberwachung von Lieferterminen, Lieferannahme und Qualit\u00e4tssicherung<\/li><li>Abwicklung von Reklamationen in Zusammenarbeit mit Lieferanten<\/li><li>\u00dcberwachung des Transports per See- und G\u00fcterkraftverkehr<\/li><li>Kundenkontakt und Teilnahme an Fachmessen<\/li><\/ul><p style=\\\"line-height: 1.2;\\\"><span style=\\\"font-size: 32px; font-family: WorkSans-VariableFont_wght;\\\">Was Du gerne mitbringen darfst:<\/span><\/p><ul><li>Abgeschlossene kaufm\u00e4nnische Berufsausbildung oder vergleichbares Studium \u2013 auch gerne als Quereinsteiger\/-in<\/li><li>Umgang mit MS Office &amp; einem Warenwirtschaftssystem<\/li><li>Strukturierte, eigenst\u00e4ndige Arbeitsweise und eine schnelle Auffassungsgabe<\/li><li>Zuverl\u00e4ssigkeit, Flexibilit\u00e4t, Belastbarkeit und Teamf\u00e4higkeit<\/li><li>Interesse an Dekoartikel und dem internationalen Handel<\/li><li>Englischkenntnisse f\u00fcr die Lieferantenkommunikation<\/li><\/ul>\",\r\n      \"align\": \"top\",\r\n      \"row\": 2,\r\n      \"col\": 0,\r\n      \"colspan\": 12,\r\n      \"offsetx\": 0,\r\n      \"offsety\": 0,\r\n      \"spaceabove\": 0,\r\n      \"spacebelow\": 0,\r\n      \"yvel\": 1,\r\n      \"push\": 0,\r\n      \"relid\": 12,\r\n      \"classes\": \"textboxcustom hellgrau boxshadow\",\r\n      \"absolute_position\": false,\r\n      \"frameOverflow\": \"\"\r\n    },\r\n    {\r\n      \"type\": \"text\",\r\n      \"cont\": \"<p style=\\\"line-height: 1.2;\\\"><span style=\\\"font-size: 32px; font-family: WorkSans-VariableFont_wght;\\\">Das erwartet dich bei uns:<\/span><\/p><ul><li><strong><\/strong> Ein angenehmes Arbeitsumfeld<\/li><li>Zusammenarbeit in einem dynamischen und motivierten Team<\/li><li>Flache Hierarchien<\/li><li>Flexible Arbeitszeiten<\/li><li>30 Tage Urlaub pro Kalenderjahr<\/li><li>Urlaubs- und Weihnachtsgeld<\/li><li>Zuschuss zu Verm\u00f6genswirksamen Leistungen oder zur Betrieblichen Altersvorsorge<\/li><li>Weiterbildungsm\u00f6glichkeiten &amp; Unterst\u00fctzung f\u00fcr deine Karriere<\/li><\/ul><p>\u00a0<\/p><p>Du willst dich beruflich ver\u00e4ndern? Dann melde dich gerne bei uns \u2013 motivierte Quereinsteiger\/-innen sind herzlich willkommen!<\/p><p>\u00a0<\/p><h1 style=\\\"line-height: 1.2;\\\"><span style=\\\"font-size: 32px; font-family: WorkSans-VariableFont_wght;\\\">Hast du Fragen, oder willst direkt deine Bewerbung schicken?<\/span><\/h1><p>Hier erreichst du uns: Maxi Z\u00fcrn unter m.zuern@arte-import.de oder unter 08384 -823940.<\/p>\",\r\n      \"align\": \"bottom\",\r\n      \"row\": 3,\r\n      \"col\": 0,\r\n      \"colspan\": 12,\r\n      \"offsetx\": 0,\r\n      \"offsety\": 0,\r\n      \"spaceabove\": 0,\r\n      \"spacebelow\": 0,\r\n      \"yvel\": 1,\r\n      \"push\": 0,\r\n      \"relid\": 13,\r\n      \"classes\": \"textboxcustom hellgrau boxshadow fullheighttop\",\r\n      \"absolute_position\": false\r\n    },\r\n    {\r\n      \"type\": \"text\",\r\n      \"cont\": \"<h1 class=\\\"_Headline_2\\\" style=\\\"text-align: center;\\\"><span>\u201eWerde Teil unseres famili\u00e4ren Unternehmens, wo herzliches Miteinander auf Augenh\u00f6he gro\u00dfgeschrieben wird.\u201c<\/span><\/h1>\",\r\n      \"align\": \"bottom\",\r\n      \"row\": 4,\r\n      \"col\": 0,\r\n      \"colspan\": 12,\r\n      \"offsetx\": 0,\r\n      \"offsety\": 0,\r\n      \"spaceabove\": 0,\r\n      \"spacebelow\": 0,\r\n      \"yvel\": 1,\r\n      \"push\": 0,\r\n      \"relid\": 7,\r\n      \"absolute_position\": false\r\n    }\r\n  ]\r\n}","_links":{"self":[{"href":"https:\/\/www.arte-import.de\/en\/wp-json\/wp\/v2\/pages\/1832","targetHints":{"allow":["GET"]}}],"collection":[{"href":"https:\/\/www.arte-import.de\/en\/wp-json\/wp\/v2\/pages"}],"about":[{"href":"https:\/\/www.arte-import.de\/en\/wp-json\/wp\/v2\/types\/page"}],"author":[{"embeddable":true,"href":"https:\/\/www.arte-import.de\/en\/wp-json\/wp\/v2\/users\/6"}],"replies":[{"embeddable":true,"href":"https:\/\/www.arte-import.de\/en\/wp-json\/wp\/v2\/comments?post=1832"}],"version-history":[{"count":0,"href":"https:\/\/www.arte-import.de\/en\/wp-json\/wp\/v2\/pages\/1832\/revisions"}],"wp:attachment":[{"href":"https:\/\/www.arte-import.de\/en\/wp-json\/wp\/v2\/media?parent=1832"}],"curies":[{"name":"wp","href":"https:\/\/api.w.org\/{rel}","templated":true}]}}